{"id":323,"date":"2026-04-17T17:54:56","date_gmt":"2026-04-17T15:54:56","guid":{"rendered":"https:\/\/motostartup.pl\/?page_id=323"},"modified":"2026-04-17T18:07:49","modified_gmt":"2026-04-17T16:07:49","slug":"edukacja-przez-sport","status":"publish","type":"page","link":"https:\/\/motostartup.pl\/index.php\/edukacja-przez-sport\/","title":{"rendered":"Edukacja przez sport"},"content":{"rendered":"<h6>Wyci\u0105gamy adrenalin\u0119 z ulicy i przenosimy j\u0105 na tor. Uczymy, \u017ce prawdziwa pr\u0119dko\u015b\u0107 wymaga dyscypliny, a brawura nie ma miejsca w ruchu drogowym.<\/h6>\n","protected":false},"excerpt":{"rendered":"<p>Wyci\u0105gamy adrenalin\u0119 z ulicy i przenosimy j\u0105 na tor. Uczymy, \u017ce prawdziwa pr\u0119dko\u015b\u0107 wymaga dyscypliny, a brawura nie ma miejsca w ruchu drogowym.<\/p>\n","protected":false},"author":1,"featured_media":217,"parent":0,"menu_order":0,"comment_status":"closed","ping_status":"closed","template":"","meta":{"footnotes":""},"class_list":["post-323","page","type-page","status-publish","has-post-thumbnail","hentry"],"_links":{"self":[{"href":"https:\/\/motostartup.pl\/index.php\/wp-json\/wp\/v2\/pages\/323","targetHints":{"allow":["GET"]}}],"collection":[{"href":"https:\/\/motostartup.pl\/index.php\/wp-json\/wp\/v2\/pages"}],"about":[{"href":"https:\/\/motostartup.pl\/index.php\/wp-json\/wp\/v2\/types\/page"}],"author":[{"embeddable":true,"href":"https:\/\/motostartup.pl\/index.php\/wp-json\/wp\/v2\/users\/1"}],"replies":[{"embeddable":true,"href":"https:\/\/motostartup.pl\/index.php\/wp-json\/wp\/v2\/comments?post=323"}],"version-history":[{"count":2,"href":"https:\/\/motostartup.pl\/index.php\/wp-json\/wp\/v2\/pages\/323\/revisions"}],"predecessor-version":[{"id":338,"href":"https:\/\/motostartup.pl\/index.php\/wp-json\/wp\/v2\/pages\/323\/revisions\/338"}],"wp:featuredmedia":[{"embeddable":true,"href":"https:\/\/motostartup.pl\/index.php\/wp-json\/wp\/v2\/media\/217"}],"wp:attachment":[{"href":"https:\/\/motostartup.pl\/index.php\/wp-json\/wp\/v2\/media?parent=323"}],"curies":[{"name":"wp","href":"https:\/\/api.w.org\/{rel}","templated":true}]}}