{"id":325,"date":"2026-04-17T17:57:04","date_gmt":"2026-04-17T15:57:04","guid":{"rendered":"https:\/\/motostartup.pl\/?page_id=325"},"modified":"2026-04-17T18:18:22","modified_gmt":"2026-04-17T16:18:22","slug":"budowanie-spolecznosci","status":"publish","type":"page","link":"https:\/\/motostartup.pl\/index.php\/budowanie-spolecznosci\/","title":{"rendered":"Budowanie spo\u0142eczno\u015bci"},"content":{"rendered":"<h6>Tworzymy miejsce, gdzie wsp\u00f3lna pasja do mechaniki i sportu \u0142\u0105czy pokolenia, ucz\u0105c m\u0142odych rajdowc\u00f3w fair play oraz pracy zespo\u0142owej.<\/h6>\n","protected":false},"excerpt":{"rendered":"<p>Tworzymy miejsce, gdzie wsp\u00f3lna pasja do mechaniki i sportu \u0142\u0105czy pokolenia, ucz\u0105c m\u0142odych rajdowc\u00f3w fair play oraz pracy zespo\u0142owej.<\/p>\n","protected":false},"author":1,"featured_media":245,"parent":0,"menu_order":0,"comment_status":"closed","ping_status":"closed","template":"","meta":{"footnotes":""},"class_list":["post-325","page","type-page","status-publish","has-post-thumbnail","hentry"],"_links":{"self":[{"href":"https:\/\/motostartup.pl\/index.php\/wp-json\/wp\/v2\/pages\/325","targetHints":{"allow":["GET"]}}],"collection":[{"href":"https:\/\/motostartup.pl\/index.php\/wp-json\/wp\/v2\/pages"}],"about":[{"href":"https:\/\/motostartup.pl\/index.php\/wp-json\/wp\/v2\/types\/page"}],"author":[{"embeddable":true,"href":"https:\/\/motostartup.pl\/index.php\/wp-json\/wp\/v2\/users\/1"}],"replies":[{"embeddable":true,"href":"https:\/\/motostartup.pl\/index.php\/wp-json\/wp\/v2\/comments?post=325"}],"version-history":[{"count":2,"href":"https:\/\/motostartup.pl\/index.php\/wp-json\/wp\/v2\/pages\/325\/revisions"}],"predecessor-version":[{"id":339,"href":"https:\/\/motostartup.pl\/index.php\/wp-json\/wp\/v2\/pages\/325\/revisions\/339"}],"wp:featuredmedia":[{"embeddable":true,"href":"https:\/\/motostartup.pl\/index.php\/wp-json\/wp\/v2\/media\/245"}],"wp:attachment":[{"href":"https:\/\/motostartup.pl\/index.php\/wp-json\/wp\/v2\/media?parent=325"}],"curies":[{"name":"wp","href":"https:\/\/api.w.org\/{rel}","templated":true}]}}