{"id":47,"date":"2026-03-06T16:31:35","date_gmt":"2026-03-06T15:31:35","guid":{"rendered":"https:\/\/motostartup.pl\/?page_id=47"},"modified":"2026-04-17T19:52:19","modified_gmt":"2026-04-17T17:52:19","slug":"dokumenty-do-pobrania","status":"publish","type":"page","link":"https:\/\/motostartup.pl\/index.php\/dokumenty-do-pobrania\/","title":{"rendered":"Dokumenty do pobrania"},"content":{"rendered":"<h6>W tym miejscu znajdziesz najwa\u017cniejsze dokumenty zwi\u0105zane z dzia\u0142alno\u015bci\u0105 MOTO START UP, M\u0142odzie\u017cow\u0105 Lig\u0105 Seicento oraz cz\u0142onkostwem w Klubie.<\/h6>\n<div class=\"content-grid\">\n<div class=\"content-card\">\n<h3>M\u0142odzie\u017cowa Liga Seicento<\/h3>\n<p>Dokumenty dotycz\u0105ce zasad udzia\u0142u i przebiegu rywalizacji w ramach Ligi.<\/p>\n<ul class=\"document-list\">\n<li><a href=\"https:\/\/motostartup.pl\/wp-content\/uploads\/2026\/03\/Regulami_ramowy-liga-seicento_2026.pdf\" target=\"_blank\" rel=\"noopener\">Regulamin Ramowy Ligi (2026)<\/a><\/li>\n<li><a href=\"https:\/\/motostartup.pl\/wp-content\/uploads\/2026\/03\/Regulamin_uzupelniajacy-01-03-2026.pdf\" target=\"_blank\" rel=\"noopener\">Regulamin Uzupe\u0142niaj\u0105cy Ligi (2026 \/ Runda 1)<\/a><\/li>\n<li><a href=\"https:\/\/motostartup.pl\/wp-content\/uploads\/2026\/03\/Regulamin_uzupelniajacy-29-03-2026.pdf\" target=\"_blank\" rel=\"noopener\">Regulamin Uzupe\u0142niaj\u0105cy Ligi (2026 \/ Runda 2)<\/a><\/li>\n<\/ul><\/div>\n<div class=\"content-card\">\n<h3>Klub MOTO START UP<\/h3>\n<p>Dokumenty potrzebne dla os\u00f3b zainteresowanych do\u0142\u0105czeniem do Klubu.<\/p>\n<ul class=\"document-list\">\n<li><a href=\"https:\/\/motostartup.pl\/wp-content\/uploads\/2026\/03\/deklaracja-klub-MotoStartUp.pdf\" target=\"_blank\" rel=\"noopener\">Deklaracja cz\u0142onkowska Klubu<\/a><\/li>\n<li><a href=\"https:\/\/motostartup.pl\/wp-content\/uploads\/2026\/03\/Regulamin-Klub-MotoStart-Up.pdf\" target=\"_blank\" rel=\"noopener\">Regulamin Klubu<\/a><\/li>\n<\/ul><\/div>\n<div class=\"content-card\">\n<h3>Dokumenty stowarzyszenia<\/h3>\n<p>Podstawowe dokumenty formalne i organizacyjne Stowarzyszenia MOTO START UP.<\/p>\n<ul class=\"document-list\">\n<li><a href=\"https:\/\/motostartup.pl\/wp-content\/uploads\/2026\/04\/STATUT-STOWARZYSZENIA-MOTO.docx.pdf\" target=\"_blank\" rel=\"noopener\">Statut Stowarzyszenia<\/a><\/li>\n<li><a href=\"https:\/\/motostartup.pl\/wp-content\/uploads\/2026\/03\/STANDARDY-OCHRONY-MALOLETNICH-W-STOWARZYSZENIU-MOTO-START-UP.pdf\" target=\"_blank\" rel=\"noopener\">Standardy Ochrony Ma\u0142oletnich<\/a><\/li>\n<\/ul><\/div>\n<\/div>\n","protected":false},"excerpt":{"rendered":"<p>W tym miejscu znajdziesz najwa\u017cniejsze dokumenty zwi\u0105zane z dzia\u0142alno\u015bci\u0105 MOTO START UP, M\u0142odzie\u017cow\u0105 Lig\u0105 Seicento oraz cz\u0142onkostwem w Klubie. M\u0142odzie\u017cowa Liga Seicento Dokumenty dotycz\u0105ce zasad udzia\u0142u i przebiegu rywalizacji w<a href=\"https:\/\/motostartup.pl\/index.php\/dokumenty-do-pobrania\/\" class=\"more-link\"><span class=\"more-button\">Czytaj wi\u0119cej &#8230;<span class=\"screen-reader-text\">Dokumenty do pobrania<\/span><\/span><\/a><\/p>\n","protected":false},"author":1,"featured_media":247,"parent":0,"menu_order":0,"comment_status":"closed","ping_status":"closed","template":"","meta":{"footnotes":""},"class_list":["post-47","page","type-page","status-publish","has-post-thumbnail","hentry"],"_links":{"self":[{"href":"https:\/\/motostartup.pl\/index.php\/wp-json\/wp\/v2\/pages\/47","targetHints":{"allow":["GET"]}}],"collection":[{"href":"https:\/\/motostartup.pl\/index.php\/wp-json\/wp\/v2\/pages"}],"about":[{"href":"https:\/\/motostartup.pl\/index.php\/wp-json\/wp\/v2\/types\/page"}],"author":[{"embeddable":true,"href":"https:\/\/motostartup.pl\/index.php\/wp-json\/wp\/v2\/users\/1"}],"replies":[{"embeddable":true,"href":"https:\/\/motostartup.pl\/index.php\/wp-json\/wp\/v2\/comments?post=47"}],"version-history":[{"count":11,"href":"https:\/\/motostartup.pl\/index.php\/wp-json\/wp\/v2\/pages\/47\/revisions"}],"predecessor-version":[{"id":377,"href":"https:\/\/motostartup.pl\/index.php\/wp-json\/wp\/v2\/pages\/47\/revisions\/377"}],"wp:featuredmedia":[{"embeddable":true,"href":"https:\/\/motostartup.pl\/index.php\/wp-json\/wp\/v2\/media\/247"}],"wp:attachment":[{"href":"https:\/\/motostartup.pl\/index.php\/wp-json\/wp\/v2\/media?parent=47"}],"curies":[{"name":"wp","href":"https:\/\/api.w.org\/{rel}","templated":true}]}}